{"id":131,"date":"2021-06-24T13:34:09","date_gmt":"2021-06-24T13:34:09","guid":{"rendered":"http:\/\/www.fyziomarketa.cz\/?page_id=131"},"modified":"2025-03-26T19:41:45","modified_gmt":"2025-03-26T19:41:45","slug":"o-mne","status":"publish","type":"page","link":"https:\/\/www.fyziomarketa.cz\/index.php\/o-mne\/","title":{"rendered":"O MN\u011a"},"content":{"rendered":"<h4 style=\"text-align: center;\">Jsem <a href=\"https:\/\/www.youtube.com\/watch?v=4PF1Ijjp1AU&amp;t=2302s\" target=\"_blank\" rel=\"noopener\">zap\u00e1len\u00e1 fyzioterapeutka<\/a> s 15letou prax\u00ed<\/h4>\n\n\n<div class=\"wp-block-image is-style-default\"><figure class=\"aligncenter size-large is-resized\"><img loading=\"lazy\" src=\"http:\/\/www.fyziomarketa.cz\/wp-content\/uploads\/2021\/06\/IMG_1322-700x667.jpg\" alt=\"\" class=\"wp-image-237\" width=\"418\" height=\"398\" srcset=\"https:\/\/www.fyziomarketa.cz\/wp-content\/uploads\/2021\/06\/IMG_1322-700x667.jpg 700w, https:\/\/www.fyziomarketa.cz\/wp-content\/uploads\/2021\/06\/IMG_1322-300x286.jpg 300w, https:\/\/www.fyziomarketa.cz\/wp-content\/uploads\/2021\/06\/IMG_1322-768x731.jpg 768w, https:\/\/www.fyziomarketa.cz\/wp-content\/uploads\/2021\/06\/IMG_1322-63x60.jpg 63w, https:\/\/www.fyziomarketa.cz\/wp-content\/uploads\/2021\/06\/IMG_1322.jpg 1008w\" sizes=\"(max-width: 418px) 100vw, 418px\" \/><\/figure><\/div>\n\n\n\n<p class=\"has-text-align-center\"><strong>A V \u010cEM SPO\u010c\u00cdV\u00c1 MOJE JEDINE\u010cNOST? <\/strong><\/p>\n\n\n\n<p class=\"has-text-align-left\"> Z\u00e1sadn\u011b <strong>nehodnot\u00edm<\/strong>, ani nesoud\u00edm, klienti se se mnou c\u00edt\u00ed v bezpe\u010d\u00ed, <strong>jsem empatick\u00e1 <\/strong>a vyc\u00edt\u00edm i to, co \u010dlov\u011bk ne\u0159ekne. <\/p>\n\n\n\n<p class=\"has-text-align-left\">Jsem <strong>pe\u010duj\u00edc\u00ed<\/strong>. Je pro m\u011b d\u016fle\u017eit\u00e9, aby jste se u m\u011b c\u00edtili dob\u0159e. (Tak\u017ee nervozita rychle p\u0159ejde u \u0161\u00e1lku \u010daje nebo k\u00e1vy).<\/p>\n\n\n\n<p class=\"has-text-align-left\"> Zbyte\u010dn\u00e9 z\u00e1kazy  a p\u0159\u00edkazy ode m\u011b neusly\u0161\u00edte.<\/p>\n\n\n\n<p class=\"has-text-align-left\"><strong>Naleju <\/strong>V\u00e1m <strong>radost do \u017eil<\/strong> a to doslova (lid\u00e9 odch\u00e1z\u00ed v\u017edycky v dobr\u00e9 n\u00e1lad\u011b).<\/p>\n\n\n\n<p class=\"has-text-align-left\">I kdy\u017e budete m\u00edt \u0161patn\u00fd den, <strong>odejdete s \u00fasm\u011bvem (<\/strong>nebo alespo\u0148 v lep\u0161\u00edm rozpolo\u017een\u00ed).<\/p>\n\n\n\n<p class=\"has-text-align-left\">V\u017edy  budu st\u00e1t na Va\u0161\u00ed stran\u011b a v\u011b\u0159it, \u017ee se uzdrav\u00edte. <\/p>\n\n\n\n<p class=\"has-text-align-left\">Jsem va\u0161e nejv\u011bt\u0161\u00ed fanynka a podporovatelka.<\/p>\n\n\n\n<p class=\"has-text-align-left\">J\u00e1 nab\u00edz\u00edm, vy vyb\u00edr\u00e1te. Rozhodn\u011b<strong> nic nenut\u00edm<\/strong>.<\/p>\n\n\n\n<p class=\"has-text-align-left\">Klienti <strong>neodch\u00e1z\u00ed<\/strong> s dlouh\u00fdm seznamem cvik\u016f. <\/p>\n\n\n\n<p class=\"has-text-align-left\">P\u0159izp\u016fsobujeme v\u0161e na m\u00edru a konkr\u00e9tn\u00edm \u017eivotn\u00edm podm\u00ednk\u00e1m.<\/p>\n\n\n\n<p class=\"has-text-align-left\"><strong>Jsem sto-pro profesion\u00e1lka<\/strong> ve v\u0161ech sm\u011brech.<\/p>\n\n\n\n<p><\/p>\n\n\n\n<p><\/p>\n\n\n\n<div class=\"wp-block-media-text alignwide is-stacked-on-mobile\" style=\"grid-template-columns:39% auto\"><figure class=\"wp-block-media-text__media\"><img loading=\"lazy\" width=\"700\" height=\"617\" src=\"http:\/\/www.fyziomarketa.cz\/wp-content\/uploads\/2021\/06\/IMG_2193-700x617.jpg\" alt=\"\" class=\"wp-image-236 size-full\" srcset=\"https:\/\/www.fyziomarketa.cz\/wp-content\/uploads\/2021\/06\/IMG_2193-700x617.jpg 700w, https:\/\/www.fyziomarketa.cz\/wp-content\/uploads\/2021\/06\/IMG_2193-300x264.jpg 300w, https:\/\/www.fyziomarketa.cz\/wp-content\/uploads\/2021\/06\/IMG_2193-768x677.jpg 768w, https:\/\/www.fyziomarketa.cz\/wp-content\/uploads\/2021\/06\/IMG_2193-1536x1354.jpg 1536w, https:\/\/www.fyziomarketa.cz\/wp-content\/uploads\/2021\/06\/IMG_2193-2048x1806.jpg 2048w, https:\/\/www.fyziomarketa.cz\/wp-content\/uploads\/2021\/06\/IMG_2193-68x60.jpg 68w\" sizes=\"(max-width: 700px) 100vw, 700px\" \/><\/figure><div class=\"wp-block-media-text__content\">\n<p>Spolupracovala jsem nebo i nad\u00e1le&nbsp;spolupracuji s <strong>vrcholov\u00fdmi sportovci<\/strong> a reprezentanty \u010cR (<em>Gab\u010da Soukalov\u00e1, Jakub Janda<\/em>, <em>\u010deskou volejbalovou reprezentac\u00ed, alpsk\u00fdmi ly\u017ea\u0159i, b\u011b\u017eka\u0159i, fotbalisty nebo hokejisty\u2026<\/em>).<\/p>\n\n\n\n<h5 class=\"has-text-align-left\"><\/h5>\n\n\n\n<p>Krom\u011b individu\u00e1ln\u00ed terapie se ji\u017e mnoho let v\u011bnuji tak\u00e9 skupinov\u00fdm lekc\u00edm na&nbsp;<a href=\"https:\/\/www.naucmese.cz\/kurz\/video-fitness-ktere-vam-neublizi\">m\u00ed\u010d\u00edch<\/a><strong> <\/strong>a vedu<strong> <a rel=\"noreferrer noopener\" href=\"https:\/\/www.naucmese.cz\/kurz\/v-kanclu-a-na-home-office-bez-bolesti\" target=\"_blank\">kurzy<\/a><\/strong> pro firmy i jednotlivce.<\/p>\n\n\n\n<p>Kdy\u017e nel\u00e9\u010d\u00edm lidi, tak p\u00ed\u0161u, nap\u0159\u00edklad <a href=\"https:\/\/denikfyzioterapeutky.cz\/\">denikfyzioterapeutky.cz<\/a> .<\/p>\n\n\n\n<p><\/p>\n\n\n\n<p>N\u011bjak\u00fd \u010das jsem <strong>\u017eila v Kanad\u011b<\/strong>, co\u017e mi roz\u0161\u00ed\u0159ilo obzory, a to nejen v m\u00e9 profesi.<\/p>\n\n\n\n<h5 class=\"has-text-align-left\"><\/h5>\n\n\n\n<p><\/p>\n<\/div><\/div>\n\n\n\n<p><\/p>\n\n\n\n<p><\/p>\n\n\n\n<p><\/p>\n\n\n\n<p><\/p>\n\n\n\n<div class=\"wp-container-1 wp-block-buttons\">\n<div class=\"wp-block-button aligncenter is-style-outline\"><a class=\"wp-block-button__link has-black-color has-vivid-green-cyan-background-color has-text-color has-background\" href=\"https:\/\/mgr-marketa-matouskova.reservio.com\" target=\"_blank\" rel=\"noreferrer noopener\">REZERVOVAT TERM\u00cdN<\/a><\/div>\n<\/div>\n\n\n\n<p><\/p>\n\n\n\n<blockquote class=\"wp-block-quote is-style-default\"><p>D\u00edky sv\u00e9mu presti\u017en\u00edmu vzd\u011bl\u00e1n\u00ed a mnohalet\u00fdm zku\u0161enostem V\u00e1m mohu nab\u00eddnout kvalitn\u00ed p\u00e9\u010di, pro kterou jste si p\u0159i\u0161li.<\/p><p><\/p><p><\/p><\/blockquote>\n\n\n\n<h4 id=\"praxe-vzdelani\"><strong>PRAXE &amp;&nbsp;VZD\u011aL\u00c1N\u00cd<\/strong><\/h4>\n\n\n\n<div class=\"wp-block-media-text alignwide is-stacked-on-mobile\" style=\"grid-template-columns:21% auto\"><figure class=\"wp-block-media-text__media\"><img loading=\"lazy\" width=\"700\" height=\"1075\" src=\"https:\/\/www.fyziomarketa.cz\/wp-content\/uploads\/2021\/06\/IMG_1489-700x1075.jpg\" alt=\"Cvi\u010den\u00ed na m\u00ed\u010di\" class=\"wp-image-313 size-full\" srcset=\"https:\/\/www.fyziomarketa.cz\/wp-content\/uploads\/2021\/06\/IMG_1489-700x1075.jpg 700w, https:\/\/www.fyziomarketa.cz\/wp-content\/uploads\/2021\/06\/IMG_1489-195x300.jpg 195w, https:\/\/www.fyziomarketa.cz\/wp-content\/uploads\/2021\/06\/IMG_1489-768x1180.jpg 768w, https:\/\/www.fyziomarketa.cz\/wp-content\/uploads\/2021\/06\/IMG_1489-1000x1536.jpg 1000w, https:\/\/www.fyziomarketa.cz\/wp-content\/uploads\/2021\/06\/IMG_1489-1333x2048.jpg 1333w, https:\/\/www.fyziomarketa.cz\/wp-content\/uploads\/2021\/06\/IMG_1489-39x60.jpg 39w, https:\/\/www.fyziomarketa.cz\/wp-content\/uploads\/2021\/06\/IMG_1489.jpg 1644w\" sizes=\"(max-width: 700px) 100vw, 700px\" \/><\/figure><div class=\"wp-block-media-text__content\">\n<ul><li>2020 Fyzioterapie Jakub Ve\u0161krna<\/li><li>2019 nemocnice Jablonec nad Nisou<\/li><li>2018 Medispa, Vancouver, Britsk\u00e1 Kolumbie, Kanada<\/li><li>2017 &#8211; 2018 Daily Spa, Jasper, Alberta, Kanada<\/li><li>2014 &#8211; 2017 Dukla Liberec<\/li><li>2012 &#8211; 2015 Krajsk\u00e1 nemocnice Liberec<\/li><li>2010 &#8211; 2012 Medlin s.r.o.<\/li><li>2006 &#8211; 2012 praxe ve FN MOTOL a l\u00e9\u010debn\u00fdch za\u0159\u00edzen\u00ed v r\u00e1mci studia<\/li><\/ul>\n<\/div><\/div>\n\n\n\n<h5><\/h5>\n\n\n<hr>\n\n\n<div class=\"wp-container-2 wp-block-buttons\">\n<div class=\"wp-block-button is-style-outline\"><a class=\"wp-block-button__link has-black-color has-vivid-green-cyan-background-color has-text-color has-background\" href=\"https:\/\/mgr-marketa-matouskova.reservio.com\" target=\"_blank\" rel=\"noreferrer noopener\">REZERVOVAT TERM\u00cdN<\/a><\/div>\n<\/div>\n\n\n\n<p><br><\/p>\n\n\n\n<h4 id=\"soustredeni-a-mistrovstvi\"><strong>SOUST\u0158ED\u011aN\u00cd A MISTROVSTV\u00cd<\/strong><\/h4>\n\n\n\n<div class=\"wp-block-media-text alignwide is-stacked-on-mobile\" style=\"grid-template-columns:23% auto\"><figure class=\"wp-block-media-text__media\"><img loading=\"lazy\" width=\"700\" height=\"910\" src=\"http:\/\/www.fyziomarketa.cz\/wp-content\/uploads\/2021\/06\/IMG_3232-700x910.jpg\" alt=\"Fyzioterapie\" class=\"wp-image-318 size-full\" srcset=\"https:\/\/www.fyziomarketa.cz\/wp-content\/uploads\/2021\/06\/IMG_3232-700x910.jpg 700w, https:\/\/www.fyziomarketa.cz\/wp-content\/uploads\/2021\/06\/IMG_3232-231x300.jpg 231w, https:\/\/www.fyziomarketa.cz\/wp-content\/uploads\/2021\/06\/IMG_3232-768x998.jpg 768w, https:\/\/www.fyziomarketa.cz\/wp-content\/uploads\/2021\/06\/IMG_3232-1182x1536.jpg 1182w, https:\/\/www.fyziomarketa.cz\/wp-content\/uploads\/2021\/06\/IMG_3232-1575x2048.jpg 1575w, https:\/\/www.fyziomarketa.cz\/wp-content\/uploads\/2021\/06\/IMG_3232-46x60.jpg 46w, https:\/\/www.fyziomarketa.cz\/wp-content\/uploads\/2021\/06\/IMG_3232-scaled.jpg 1969w\" sizes=\"(max-width: 700px) 100vw, 700px\" \/><\/figure><div class=\"wp-block-media-text__content\">\n<ul><li>2019 soust\u0159ed\u011bn\u00ed \u010desk\u00e1 volejbalov\u00e1 reprezentace mu\u017e\u016f<\/li><li>2017 soust\u0159ed\u011bn\u00ed \u010desk\u00e1 volejbalov\u00e1 reprezentace mu\u017e\u016f a \u017een<\/li><li>2017 soust\u0159ed\u011bn\u00ed \u010desk\u00e1 reprezentace skokan\u016f na ly\u017e\u00edch<\/li><li>2016 soust\u0159ed\u011bn\u00ed \u010desk\u00e1 volejbalov\u00e1 reprezentace mu\u017e\u016f a \u017een<\/li><li>2016 mistrovstv\u00ed Evropy a sv\u011bta \u2013 \u010desk\u00fd juniorsk\u00fd,   vesla\u0159sk\u00fd t\u00fdm<\/li><li>2016 Evropsk\u00fd poh\u00e1r s FC Slovan Liberec<\/li><li>2015 soust\u0159ed\u011bn\u00ed Wizards Bern Burgdorf \u2013 \u0161v\u00fdcarsk\u00fd florbalov\u00fd t\u00fdm<\/li><li>2015 soust\u0159ed\u011bn\u00ed FC Slovan Liberec<\/li><li>2013 soust\u0159ed\u011bn\u00ed biatlonov\u00e1 reprezentace \u017eeny A t\u00fdm<\/li><li>2012 soust\u0159ed\u011bn\u00ed biatlonov\u00e1 reprezentace \u017eeny A t\u00fdm<\/li><\/ul>\n<\/div><\/div>\n\n\n\n<h5><\/h5>\n\n\n\n<hr class=\"wp-block-separator\"\/>\n\n\n<h4 style=\"text-align: center;\">VZD\u011aL\u00c1N\u00cd<\/h4>\n\n\n<p class=\"has-text-align-center\">2. L\u00e9ka\u0159sk\u00e1 fakulta Univerzity Karlovy v Praze<\/p>\n\n\n<h4>&nbsp;<\/h4>\n\n\n<p class=\"has-text-align-center\"><\/p>\n\n\n<h4 style=\"text-align: left;\">&nbsp;<\/h4>\n<h4 style=\"text-align: center;\">ABSOLVOVAN\u00c9 KURZY<\/h4>\n\n\n<div class=\"wp-block-columns\">\n<div class=\"wp-block-column\" style=\"flex-basis:100%\">\n<div class=\"wp-block-columns\">\n<div class=\"wp-block-column\">\n<div class=\"wp-block-image is-style-default\"><figure class=\"alignleft size-large is-resized\"><img loading=\"lazy\" src=\"http:\/\/www.fyziomarketa.cz\/wp-content\/uploads\/2021\/06\/FullSizeRender-9-700x607.jpg\" alt=\"Fyzioterapeutka Mark\u00e9ta Matou\u0161kov\u00e1 v Thajsku\" class=\"wp-image-328\" width=\"303\" height=\"264\" srcset=\"https:\/\/www.fyziomarketa.cz\/wp-content\/uploads\/2021\/06\/FullSizeRender-9-700x607.jpg 700w, https:\/\/www.fyziomarketa.cz\/wp-content\/uploads\/2021\/06\/FullSizeRender-9-300x260.jpg 300w, https:\/\/www.fyziomarketa.cz\/wp-content\/uploads\/2021\/06\/FullSizeRender-9-768x666.jpg 768w, https:\/\/www.fyziomarketa.cz\/wp-content\/uploads\/2021\/06\/FullSizeRender-9-1536x1331.jpg 1536w, https:\/\/www.fyziomarketa.cz\/wp-content\/uploads\/2021\/06\/FullSizeRender-9-2048x1775.jpg 2048w, https:\/\/www.fyziomarketa.cz\/wp-content\/uploads\/2021\/06\/FullSizeRender-9-69x60.jpg 69w\" sizes=\"(max-width: 303px) 100vw, 303px\" \/><\/figure><\/div>\n\n\n\n<div class=\"wp-block-image is-style-default\"><figure class=\"alignleft size-large is-resized\"><img loading=\"lazy\" src=\"http:\/\/www.fyziomarketa.cz\/wp-content\/uploads\/2021\/06\/145-700x933.jpg\" alt=\"Fyzioterapeutka Mark\u00e9ta Matou\u0161kov\u00e1\" class=\"wp-image-347\" width=\"302\" height=\"401\" srcset=\"https:\/\/www.fyziomarketa.cz\/wp-content\/uploads\/2021\/06\/145-225x300.jpg 225w, https:\/\/www.fyziomarketa.cz\/wp-content\/uploads\/2021\/06\/145-45x60.jpg 45w\" sizes=\"(max-width: 302px) 100vw, 302px\" \/><\/figure><\/div>\n<\/div>\n\n\n\n<div class=\"wp-block-column\">\n<ul><li>Spir\u00e1ln\u00ed stabilizace (SM syst\u00e9m, Sm\u00ed\u0161ek)<\/li><\/ul>\n\n\n\n<ul><li>Diagnostika a terapie funk\u010dn\u00edch poruch (manu\u00e1ln\u00ed terapie, mobilizace)<\/li><\/ul>\n\n\n\n<ul><li>Posilov\u00e1n\u00ed a stre\u010dink ve fyzioterapii (Rehaton, \u010d\u00e1st A,B,C)<\/li><\/ul>\n\n\n\n<ul><li>Tradi\u010dn\u00ed \u010d\u00ednsk\u00e1 medic\u00edna<\/li><\/ul>\n\n\n\n<ul><li>Vertebroviscer\u00e1ln\u00ed vztahy a jejich vyu\u017eit\u00ed v klinick\u00e9 praxi<\/li><\/ul>\n\n\n\n<ul><li>Rehabilita\u010dn\u00ed tr\u00e9nink a funk\u010dn\u00ed sportovn\u00ed terapie <\/li><\/ul>\n\n\n\n<ul><li>Terapeutick\u00e9 vyu\u017eit\u00ed kineziotejpu<\/li><\/ul>\n\n\n\n<ul><li>Intenzitvn\u00ed kurz Feldenkraisovy metody<\/li><\/ul>\n\n\n\n<ul><li>Vojtova metoda (\u010d\u00e1st A v r\u00e1mci magistersk\u00e9ho studia)<\/li><\/ul>\n\n\n\n<ul><li>Fit &amp; over ball diplom<\/li><\/ul>\n\n\n\n<ul><li>Instruktorka nordic walking<\/li><\/ul>\n\n\n\n<ul><li>Bosu Core diplom<\/li><\/ul>\n\n\n\n<ul><li>Senzomotorick\u00e1 stimulace<\/li><\/ul>\n\n\n\n<ul><li>Vyu\u017eit\u00ed cvi\u010den\u00ed ve fitness centrech ve fyzioterapii<\/li><\/ul>\n\n\n\n<ul><li>Thajsk\u00e9 mas\u00e1\u017ee (Chiang Mai, Thajsko)<\/li><\/ul>\n\n\n\n<ul><li>\u00davod do Body &#8211; Psychoterapie<\/li><li>Bio &#8211; dynamick\u00e9 mas\u00e1\u017ee<\/li><li>Harward University (online course Back pain)<\/li><\/ul>\n<\/div>\n<\/div>\n<\/div>\n<\/div>\n\n\n\n<p><\/p>\n\n\n\n<div class=\"wp-container-3 wp-block-group\"><div class=\"wp-block-group__inner-container\"><\/div><\/div>\n\n\n\n<div class=\"wp-container-4 wp-block-buttons\">\n<div class=\"wp-block-button alignright is-style-outline\"><a class=\"wp-block-button__link has-black-color has-vivid-green-cyan-background-color has-text-color has-background\" href=\"https:\/\/mgr-marketa-matouskova.reservio.com\" target=\"_blank\" rel=\"noreferrer noopener\">REZERVOVAT TERM\u00cdN<\/a><\/div>\n<\/div>\n","protected":false},"excerpt":{"rendered":"<p>Jsem zap\u00e1len\u00e1 fyzioterapeutka s 15letou prax\u00ed A V \u010cEM SPO\u010c\u00cdV\u00c1 MOJE JEDINE\u010cNOST? Z\u00e1sadn\u011b nehodnot\u00edm, ani nesoud\u00edm, klienti se se mnou c\u00edt\u00ed v bezpe\u010d\u00ed, jsem empatick\u00e1 a vyc\u00edt\u00edm i to, co &hellip; <\/p>\n","protected":false},"author":1,"featured_media":0,"parent":0,"menu_order":0,"comment_status":"closed","ping_status":"closed","template":"","meta":[],"_links":{"self":[{"href":"https:\/\/www.fyziomarketa.cz\/index.php\/wp-json\/wp\/v2\/pages\/131"}],"collection":[{"href":"https:\/\/www.fyziomarketa.cz\/index.php\/wp-json\/wp\/v2\/pages"}],"about":[{"href":"https:\/\/www.fyziomarketa.cz\/index.php\/wp-json\/wp\/v2\/types\/page"}],"author":[{"embeddable":true,"href":"https:\/\/www.fyziomarketa.cz\/index.php\/wp-json\/wp\/v2\/users\/1"}],"replies":[{"embeddable":true,"href":"https:\/\/www.fyziomarketa.cz\/index.php\/wp-json\/wp\/v2\/comments?post=131"}],"version-history":[{"count":188,"href":"https:\/\/www.fyziomarketa.cz\/index.php\/wp-json\/wp\/v2\/pages\/131\/revisions"}],"predecessor-version":[{"id":944,"href":"https:\/\/www.fyziomarketa.cz\/index.php\/wp-json\/wp\/v2\/pages\/131\/revisions\/944"}],"wp:attachment":[{"href":"https:\/\/www.fyziomarketa.cz\/index.php\/wp-json\/wp\/v2\/media?parent=131"}],"curies":[{"name":"wp","href":"https:\/\/api.w.org\/{rel}","templated":true}]}}