{"id":810,"date":"2023-02-01T07:40:22","date_gmt":"2023-02-01T07:40:22","guid":{"rendered":"https:\/\/www.fyziomarketa.cz\/?page_id=810"},"modified":"2024-04-18T11:17:28","modified_gmt":"2024-04-18T11:17:28","slug":"media","status":"publish","type":"page","link":"https:\/\/www.fyziomarketa.cz\/index.php\/media\/","title":{"rendered":"M\u00c9DIA"},"content":{"rendered":"\n<p>Kdy\u017e nel\u00e9\u010d\u00edm lidi, p\u00ed\u0161u do \u010dasopis\u016f a chod\u00edm vzd\u011bl\u00e1vat ve\u0159ejnost.<\/p>\n\n\n\n<p><a href=\"https:\/\/www.ceskatelevize.cz\/porady\/10435049455-dobre-rano\/323291310020006\/cast\/958257\/\">https:\/\/www.ceskatelevize.cz\/porady\/10435049455-dobre-rano\/323291310020006\/cast\/958257\/<\/a><\/p>\n\n\n\n<figure class=\"wp-block-gallery has-nested-images columns-default is-cropped\">\n<figure class=\"wp-block-image size-large\"><img loading=\"lazy\" width=\"700\" height=\"519\" data-id=\"837\"  src=\"https:\/\/www.fyziomarketa.cz\/wp-content\/uploads\/2023\/02\/IMG_1153-1-700x519.jpg\" alt=\"\" class=\"wp-image-837\" srcset=\"https:\/\/www.fyziomarketa.cz\/wp-content\/uploads\/2023\/02\/IMG_1153-1-700x519.jpg 700w, https:\/\/www.fyziomarketa.cz\/wp-content\/uploads\/2023\/02\/IMG_1153-1-300x222.jpg 300w, https:\/\/www.fyziomarketa.cz\/wp-content\/uploads\/2023\/02\/IMG_1153-1-768x569.jpg 768w, https:\/\/www.fyziomarketa.cz\/wp-content\/uploads\/2023\/02\/IMG_1153-1-1536x1138.jpg 1536w, https:\/\/www.fyziomarketa.cz\/wp-content\/uploads\/2023\/02\/IMG_1153-1-2048x1517.jpg 2048w, https:\/\/www.fyziomarketa.cz\/wp-content\/uploads\/2023\/02\/IMG_1153-1-81x60.jpg 81w, https:\/\/www.fyziomarketa.cz\/wp-content\/uploads\/2023\/02\/IMG_1153-1-110x83.jpg 110w\" sizes=\"(max-width: 700px) 100vw, 700px\" \/><\/figure>\n\n\n\n<figure class=\"wp-block-image size-large\"><img loading=\"lazy\" width=\"700\" height=\"521\" data-id=\"838\"  src=\"https:\/\/www.fyziomarketa.cz\/wp-content\/uploads\/2023\/02\/IMG_1154-1-700x521.jpg\" alt=\"\" class=\"wp-image-838\" srcset=\"https:\/\/www.fyziomarketa.cz\/wp-content\/uploads\/2023\/02\/IMG_1154-1-700x521.jpg 700w, https:\/\/www.fyziomarketa.cz\/wp-content\/uploads\/2023\/02\/IMG_1154-1-300x223.jpg 300w, https:\/\/www.fyziomarketa.cz\/wp-content\/uploads\/2023\/02\/IMG_1154-1-768x572.jpg 768w, https:\/\/www.fyziomarketa.cz\/wp-content\/uploads\/2023\/02\/IMG_1154-1-1536x1144.jpg 1536w, https:\/\/www.fyziomarketa.cz\/wp-content\/uploads\/2023\/02\/IMG_1154-1-2048x1526.jpg 2048w, https:\/\/www.fyziomarketa.cz\/wp-content\/uploads\/2023\/02\/IMG_1154-1-81x60.jpg 81w, https:\/\/www.fyziomarketa.cz\/wp-content\/uploads\/2023\/02\/IMG_1154-1-110x83.jpg 110w\" sizes=\"(max-width: 700px) 100vw, 700px\" \/><\/figure>\n<\/figure>\n\n\n\n<p><a href=\"https:\/\/www.ceskatelevize.cz\/porady\/10435049455-dobre-rano\/324291310020037\/cast\/1038556\/\">https:\/\/www.ceskatelevize.cz\/porady\/10435049455-dobre-rano\/324291310020037\/cast\/1038556<\/a><\/p>\n\n\n\n<p><\/p>\n\n\n\n<figure class=\"wp-block-gallery alignleft has-nested-images columns-default is-cropped\"><\/figure>\n\n\n\n<p>     <\/p>\n\n\n\n<div class=\"wp-block-image\"><figure class=\"alignleft size-large is-resized\"><img loading=\"lazy\" src=\"http:\/\/www.fyziomarketa.cz\/wp-content\/uploads\/2024\/04\/faceI-700x378.png\" alt=\"\" class=\"wp-image-906\" width=\"556\" height=\"301\" srcset=\"https:\/\/www.fyziomarketa.cz\/wp-content\/uploads\/2024\/04\/faceI-700x378.png 700w, https:\/\/www.fyziomarketa.cz\/wp-content\/uploads\/2024\/04\/faceI-300x162.png 300w, https:\/\/www.fyziomarketa.cz\/wp-content\/uploads\/2024\/04\/faceI-768x415.png 768w, https:\/\/www.fyziomarketa.cz\/wp-content\/uploads\/2024\/04\/faceI-1536x830.png 1536w, https:\/\/www.fyziomarketa.cz\/wp-content\/uploads\/2024\/04\/faceI-2048x1107.png 2048w, https:\/\/www.fyziomarketa.cz\/wp-content\/uploads\/2024\/04\/faceI-111x60.png 111w\" sizes=\"(max-width: 556px) 100vw, 556px\" \/><\/figure><\/div>\n\n\n\n<figure class=\"wp-block-image size-large is-resized\"><img loading=\"lazy\" src=\"http:\/\/www.fyziomarketa.cz\/wp-content\/uploads\/2024\/04\/face-1-700x393.png\" alt=\"\" class=\"wp-image-904\" width=\"548\" height=\"306\" srcset=\"https:\/\/www.fyziomarketa.cz\/wp-content\/uploads\/2024\/04\/face-1-300x168.png 300w, https:\/\/www.fyziomarketa.cz\/wp-content\/uploads\/2024\/04\/face-1-2048x1149.png 2048w, https:\/\/www.fyziomarketa.cz\/wp-content\/uploads\/2024\/04\/face-1-107x60.png 107w\" sizes=\"(max-width: 548px) 100vw, 548px\" \/><\/figure>\n","protected":false},"excerpt":{"rendered":"<p>Kdy\u017e nel\u00e9\u010d\u00edm lidi, p\u00ed\u0161u do \u010dasopis\u016f a chod\u00edm vzd\u011bl\u00e1vat ve\u0159ejnost. https:\/\/www.ceskatelevize.cz\/porady\/10435049455-dobre-rano\/323291310020006\/cast\/958257\/ https:\/\/www.ceskatelevize.cz\/porady\/10435049455-dobre-rano\/324291310020037\/cast\/1038556<\/p>\n","protected":false},"author":1,"featured_media":0,"parent":0,"menu_order":0,"comment_status":"closed","ping_status":"closed","template":"","meta":[],"_links":{"self":[{"href":"https:\/\/www.fyziomarketa.cz\/index.php\/wp-json\/wp\/v2\/pages\/810"}],"collection":[{"href":"https:\/\/www.fyziomarketa.cz\/index.php\/wp-json\/wp\/v2\/pages"}],"about":[{"href":"https:\/\/www.fyziomarketa.cz\/index.php\/wp-json\/wp\/v2\/types\/page"}],"author":[{"embeddable":true,"href":"https:\/\/www.fyziomarketa.cz\/index.php\/wp-json\/wp\/v2\/users\/1"}],"replies":[{"embeddable":true,"href":"https:\/\/www.fyziomarketa.cz\/index.php\/wp-json\/wp\/v2\/comments?post=810"}],"version-history":[{"count":14,"href":"https:\/\/www.fyziomarketa.cz\/index.php\/wp-json\/wp\/v2\/pages\/810\/revisions"}],"predecessor-version":[{"id":926,"href":"https:\/\/www.fyziomarketa.cz\/index.php\/wp-json\/wp\/v2\/pages\/810\/revisions\/926"}],"wp:attachment":[{"href":"https:\/\/www.fyziomarketa.cz\/index.php\/wp-json\/wp\/v2\/media?parent=810"}],"curies":[{"name":"wp","href":"https:\/\/api.w.org\/{rel}","templated":true}]}}