{"id":87,"date":"2021-06-18T05:40:37","date_gmt":"2021-06-18T05:40:37","guid":{"rendered":"http:\/\/www.fyziomarketa.cz\/?page_id=87"},"modified":"2026-04-08T08:48:53","modified_gmt":"2026-04-08T08:48:53","slug":"fyzioterapie","status":"publish","type":"page","link":"https:\/\/www.fyziomarketa.cz\/","title":{"rendered":"DOM\u016e"},"content":{"rendered":"\n<figure class=\"wp-block-image size-large is-resized\"><img loading=\"lazy\" src=\"http:\/\/www.fyziomarketa.cz\/wp-content\/uploads\/2021\/06\/IMG_2172-700x662.jpg\" alt=\"Mark\u00e9ta Matou\u0161kov\u00e1 - Fyzioterapie Brno\" class=\"wp-image-273\" width=\"511\" height=\"483\" srcset=\"https:\/\/www.fyziomarketa.cz\/wp-content\/uploads\/2021\/06\/IMG_2172-700x662.jpg 700w, https:\/\/www.fyziomarketa.cz\/wp-content\/uploads\/2021\/06\/IMG_2172-300x284.jpg 300w, https:\/\/www.fyziomarketa.cz\/wp-content\/uploads\/2021\/06\/IMG_2172-768x726.jpg 768w, https:\/\/www.fyziomarketa.cz\/wp-content\/uploads\/2021\/06\/IMG_2172-63x60.jpg 63w, https:\/\/www.fyziomarketa.cz\/wp-content\/uploads\/2021\/06\/IMG_2172.jpg 1015w\" sizes=\"(max-width: 511px) 100vw, 511px\" \/><\/figure>\n\n\n\n<h2>Fyzioterapie Brno<\/h2>\n\n\n\n<h3><\/h3>\n\n\n\n<p><\/p>\n\n\n\n<p>Mark\u00e9ta Matou\u0161kov\u00e1 Fyzioterapie Brno<\/p>\n\n\n\n<p>Mark\u00e9ta Matou\u0161kov\u00e1 Fyzioterapie Brno<\/p>\n\n\n\n<p><a href=\"https:\/\/www.fyziomarketa.cz\/index.php\/o-mne-2\/\" target=\"_blank\" rel=\"noreferrer noopener\">S<strong>tudovala jsem fyzioterapii<\/strong><\/a>&nbsp;na presti\u017en\u00ed l\u00e9ka\u0159sk\u00e9 fakult\u011b v Praze,&nbsp;<strong>pod veden\u00edm profesora Pavla Kol\u00e1\u0159e<\/strong>.&nbsp;M\u00fdmi u\u010diteli byli \u0161pi\u010dky v oboru, za co\u017e jsem nesm\u00edrn\u011b vd\u011b\u010dn\u00e1. D\u00edky nim jsem dostala dobr\u00fd z\u00e1klad a zp\u016fsob my\u0161len\u00ed, na kter\u00e9m mohu d\u00e1le stav\u011bt.<\/p>\n\n\n\n<p>Spolupracovala jsem nebo i nad\u00e1le&nbsp;<strong>spolupracuji s vrcholov\u00fdmi sportovci a reprezentanty \u010cR,<\/strong>&nbsp;jako nap\u0159. biatlonisty, \u010deskou volejbalovou reprezentac\u00ed, alpsk\u00fdmi ly\u017ea\u0159i, b\u011b\u017eka\u0159i, fotbalisty nebo hokejisty\u2026<\/p>\n\n\n\n<p>Krom\u011b individu\u00e1ln\u00ed terapie se ji\u017e mnoho let tak\u00e9 v\u011bnuji skupinov\u00fdm lekc\u00edm&nbsp;<a href=\"https:\/\/www.naucmese.cz\/kurz\/video-fitness-ktere-vam-neublizi\">na&nbsp;m\u00ed\u010d\u00edch<\/a> a vedu kurzy pro firmy i jednotlivce <a href=\"https:\/\/www.naucmese.cz\/kurz\/v-kanclu-a-na-home-office-bez-bolesti\" target=\"_blank\" rel=\"noreferrer noopener\">https:\/\/www.naucmese.cz\/kurz\/v-kanclu-a-na-home-office-bez-bolesti<\/a><\/p>\n\n\n\n<p>Kdy\u017e nel\u00e9\u010d\u00edm lidi, tak p\u00ed\u0161u do \u010dasopis\u016f a zalo\u017eila jsem&nbsp;<a href=\"https:\/\/denikfyzioterapeutky.cz\/\">denikfyzioterapeutky.cz,<\/a><\/p>\n\n\n\n<p>D\u00edky sv\u00e9mu presti\u017en\u00edmu vzd\u011bl\u00e1n\u00ed a mnohalet\u00fdm zku\u0161enostem V\u00e1m mohu nab\u00eddnout kvalitn\u00ed p\u00e9\u010di, pro kterou jste si p\u0159i\u0161li.<\/p>\n\n\n\n<h2>Vzd\u011bl\u00e1n\u00ed<\/h2>\n\n\n\n<p>2020 Fyzioterapie Jakub Ve\u0161krna<br>2019 nemocnice Jablonec nad Nisou<br>2018 Medispa, Vancouver, Britsk\u00e1 Kolumbie, Kanada<br>2017 &#8211; 2018 Daily Spa, Jasper, Alberta, Kanada<br>2014 &#8211; 2017 Dukla Liberec<br>2012 &#8211; 2015 Krajsk\u00e1 nemocnice Liberec<br>2010 &#8211; 2012 Medlin s.r.o.<br>2006 &#8211; 2012 praxe ve FN MOTOL a l\u00e9\u010debn\u00fdch za\u0159\u00edzen\u00ed v r\u00e1mci studia<\/p>\n\n\n\n<h2>Kdy za mnou p\u0159ij\u00edt?<\/h2>\n\n\n\n<div class=\"wp-block-image is-style-default\"><figure class=\"alignleft size-large is-resized\"><img loading=\"lazy\" src=\"https:\/\/www.fyziomarketa.cz\/wp-content\/uploads\/2021\/08\/IMG_5416-700x933.jpg\" alt=\"Tejpov\u00e1n\u00ed kolene\" class=\"wp-image-463\" width=\"231\" height=\"308\" srcset=\"https:\/\/www.fyziomarketa.cz\/wp-content\/uploads\/2021\/08\/IMG_5416-700x933.jpg 700w, https:\/\/www.fyziomarketa.cz\/wp-content\/uploads\/2021\/08\/IMG_5416-225x300.jpg 225w, https:\/\/www.fyziomarketa.cz\/wp-content\/uploads\/2021\/08\/IMG_5416-768x1024.jpg 768w, https:\/\/www.fyziomarketa.cz\/wp-content\/uploads\/2021\/08\/IMG_5416-1152x1536.jpg 1152w, https:\/\/www.fyziomarketa.cz\/wp-content\/uploads\/2021\/08\/IMG_5416-1536x2048.jpg 1536w, https:\/\/www.fyziomarketa.cz\/wp-content\/uploads\/2021\/08\/IMG_5416-45x60.jpg 45w, https:\/\/www.fyziomarketa.cz\/wp-content\/uploads\/2021\/08\/IMG_5416-scaled.jpg 1920w\" sizes=\"(max-width: 231px) 100vw, 231px\" \/><\/figure><\/div>\n\n\n\n<p><em>Pokud m\u00e1te n\u011bjakou ot\u00e1zku, obra\u0165te se p\u0159\u00edmo na m\u011b<\/em>:<\/p>\n\n\n\n<p>Kdy\u017e c\u00edt\u00edte del\u0161\u00ed dobu n\u011bjakou bolest, a\u0165 u\u017e to jsou svaly nebo klouby<\/p>\n\n\n\n<p>Jestli V\u00e1s bol\u00ed hlava, za krkem nebo z\u00e1da<\/p>\n\n\n\n<p>Pokud m\u00e1te probl\u00e9my s p\u00e1len\u00edm \u017e\u00e1hy, \u017elu\u010dn\u00edkem, bolesti b\u0159icha, i kdy\u017e je v\u0161e v po\u0159\u00e1dku nebo mus\u00edte na operaci k\u00fdly<\/p>\n\n\n\n<p>Jestli\u017ee se V\u00e1m na t\u011ble n\u011bco nezd\u00e1. M\u00e1te t\u0159eba pocit, \u017ee stoj\u00edte k\u0159iv\u011b. \u017de jste zalomen\u00ed v bedrech nebo m\u00e1te ploch\u00e9 nohy.<\/p>\n\n\n\n<p>Kdy\u017e sed\u00edte cel\u00fd den v kancel\u00e1\u0159i nebo v aut\u011b a bol\u00ed V\u00e1s z\u00e1da nebo krk.<\/p>\n\n\n\n<p>Jestli\u017ee V\u00e1m l\u00e9ka\u0159 \u0159ekl, \u017ee m\u00e1te vyh\u0159ezlou plot\u00e9nku.<\/p>\n\n\n\n<p>Pokud jste student a chcete investovat do sv\u00e9ho zdrav\u00ed m\u00edsto do piva.<\/p>\n\n\n\n<p>Jakmile pot\u0159ebuje opravit j\u00f3gov\u00e9 pozice nebo nev\u00edte, zda si v posilovn\u011b neubli\u017eujete.<\/p>\n\n\n\n<p>Pokud m\u00e1te probl\u00e9my s p\u00e1len\u00edm \u017e\u00e1hy, \u017elu\u010dn\u00edkem, bolesti b\u0159icha, i kdy\u017e je v\u0161e v po\u0159\u00e1dku nebo mus\u00edte na operaci k\u00fdly.<\/p>\n\n\n\n<p>Kdy\u017e sed\u00edte cel\u00fd den v kancel\u00e1\u0159i nebo v aut\u011b a bol\u00ed V\u00e1s z\u00e1da nebo krk.<\/p>\n\n\n\n<p>Jestli jste maminka po porodu a bol\u00ed V\u00e1s z\u00e1da nebo chcete poradit s p\u00e1nevn\u00edm dnem, povolen\u00fdm b\u0159ichem, rozestupem b\u0159i\u0161n\u00ed st\u011bnou, \u010di jizvou po c\u00edsa\u0159sk\u00e9m \u0159ezu.<\/p>\n\n\n\n<p><\/p>\n\n\n\n<p><\/p>\n\n\n\n<h2>Mark\u00e9ta Matou\u0161kov\u00e1 Fyzioterapie Brno<\/h2>\n\n\n\n<div class=\"wp-block-image is-style-default\"><figure class=\"alignleft size-large is-resized\"><img loading=\"lazy\" src=\"https:\/\/www.fyziomarketa.cz\/wp-content\/uploads\/2021\/08\/IMG_1693-700x933.jpg\" alt=\"P\u00e1te\u0159\" class=\"wp-image-453\" width=\"218\" height=\"291\" srcset=\"https:\/\/www.fyziomarketa.cz\/wp-content\/uploads\/2021\/08\/IMG_1693-700x933.jpg 700w, https:\/\/www.fyziomarketa.cz\/wp-content\/uploads\/2021\/08\/IMG_1693-225x300.jpg 225w, https:\/\/www.fyziomarketa.cz\/wp-content\/uploads\/2021\/08\/IMG_1693-768x1024.jpg 768w, https:\/\/www.fyziomarketa.cz\/wp-content\/uploads\/2021\/08\/IMG_1693-1152x1536.jpg 1152w, https:\/\/www.fyziomarketa.cz\/wp-content\/uploads\/2021\/08\/IMG_1693-1536x2048.jpg 1536w, https:\/\/www.fyziomarketa.cz\/wp-content\/uploads\/2021\/08\/IMG_1693-45x60.jpg 45w, https:\/\/www.fyziomarketa.cz\/wp-content\/uploads\/2021\/08\/IMG_1693-scaled.jpg 1920w\" sizes=\"(max-width: 218px) 100vw, 218px\" \/><\/figure><\/div>\n\n\n\n<p>Krom\u011b klasick\u00fdch pot\u00ed\u017e\u00ed jako je&nbsp;<em>ta<\/em>&nbsp;nep\u0159\u00edjemn\u00e1 bolest za krkem nebo zad p\u0159i dlouh\u00e9m sezen\u00ed nebo nam\u00e1hav\u00e9m v\u00edkendu taky s urychlen\u00edm hojiv\u00e9ho procesu po vyvrknut\u00e9m kotn\u00edku, nata\u017een\u00e9m svalu, sund\u00e1n\u00ed s\u00e1dry \u010di operaci.<\/p>\n\n\n\n<p>Dok\u00e1\u017eu poradit a p\u0159ipravit na pl\u00e1novanou operaci (nap\u0159. v\u00fdm\u011bna ky\u010deln\u00edho kloubu, vazy v koleni, ale i t\u0159\u00edseln\u00e9 k\u00fdly\u2026)<\/p>\n\n\n\n<p>Mark\u00e9tka, je moc \u0161ikovn\u00e1 fyzioterapeutka. Nejednou s n\u00e1mi byla na p\u0159\u00edpravn\u00e9m reprezenta\u010dn\u00edm soust\u0159ed\u011bn\u00ed, kde se starala jak o kategorii dorostu, tak junior\u016f, tak tak\u00e9 dosp\u011bl\u00fdch. Z osobn\u00ed zku\u0161enosti mohu \u0159\u00edci, \u017ee je velmi empatick\u00e1. a to j\u00ed l\u00e9pe pom\u00e1h\u00e1 p\u0159i diagnostice a n\u00e1sledn\u00e9m \u0159e\u0161en\u00ed \u00fatrap.Mark\u00e9tka, je moc \u0161ikovn\u00e1 fyzioterapeutka. Nejednou s n\u00e1mi byla na p\u0159\u00edpravn\u00e9m reprezenta\u010dn\u00edm soust\u0159ed\u011bn\u00ed, kde se starala jak o kategorii dorostu, tak junior\u016f, tak tak\u00e9 dosp\u011bl\u00fdch. Z osobn\u00ed zku\u0161enosti mohu \u0159\u00edci, \u017ee je velmi empatick\u00e1. a to j\u00ed l\u00e9pe pom\u00e1h\u00e1 p\u0159i diagnostice a n\u00e1sledn\u00e9m \u0159e\u0161en\u00ed \u00fatrap. Mark\u00e9tka, je moc \u0161ikovn\u00e1 fyzioterapeutka. Nejednou s n\u00e1mi byla na p\u0159\u00edpravn\u00e9m reprezenta\u010dn\u00edm soust\u0159ed\u011bn\u00ed, kde se starala jak o kategorii dorostu, tak junior\u016f, tak tak\u00e9 dosp\u011bl\u00fdch.<\/p>\n\n\n\n<p><\/p>\n\n\n\n<p><\/p>\n\n\n\n<h2>Mark\u00e9ta Matou\u0161kov\u00e1 Fyzioterapie Brno<\/h2>\n\n\n\n<p><\/p>\n\n\n\n<div class=\"wp-block-image is-style-default\"><figure class=\"alignleft\"><img loading=\"lazy\" width=\"182\" height=\"300\" src=\"http:\/\/www.fyziomarketa.cz\/wp-content\/uploads\/2021\/06\/IMG_8217-182x300.jpg\" alt=\"Fyzioterapie na m\u00ed\u010di\" class=\"wp-image-78\" srcset=\"https:\/\/www.fyziomarketa.cz\/wp-content\/uploads\/2021\/06\/IMG_8217-182x300.jpg 182w, https:\/\/www.fyziomarketa.cz\/wp-content\/uploads\/2021\/06\/IMG_8217-700x1155.jpg 700w, https:\/\/www.fyziomarketa.cz\/wp-content\/uploads\/2021\/06\/IMG_8217-768x1267.jpg 768w, https:\/\/www.fyziomarketa.cz\/wp-content\/uploads\/2021\/06\/IMG_8217-931x1536.jpg 931w, https:\/\/www.fyziomarketa.cz\/wp-content\/uploads\/2021\/06\/IMG_8217-1242x2048.jpg 1242w, https:\/\/www.fyziomarketa.cz\/wp-content\/uploads\/2021\/06\/IMG_8217-1600x2639.jpg 1600w, https:\/\/www.fyziomarketa.cz\/wp-content\/uploads\/2021\/06\/IMG_8217-scaled.jpg 1552w\" sizes=\"(max-width: 182px) 100vw, 182px\" \/><\/figure><\/div>\n\n\n\n<p>Proto\u017ee zn\u00e1m velmi dob\u0159e prost\u0159ed\u00ed vrcholov\u00e9ho sportu, dok\u00e1\u017eu poradit, jak cvi\u010dit v posilovn\u011b a neubli\u017eovat si p\u0159i tom. Co m\u016f\u017eete pro sebe d\u011blat nav\u00edc. Jak se rychle a efektivn\u011b protahovat a pom\u00e1hat si v ter\u00e9nu s\u00e1m, nejen kdy\u017e jste zap\u00e1len\u00fd sportovec nebo sportovkyn\u011b jako j\u00e1.<\/p>\n\n\n\n<p>D\u00edky m\u00e9 praxi na neurologick\u00e9m odd\u011blen\u00ed &nbsp;v nemocnici si um\u00edm poradit s \u00fatlaky nerv\u016f (brn\u011bn\u00ed z\u00e1p\u011bst\u00ed p\u0159i dr\u017een\u00ed my\u0161i, brn\u011bn\u00ed rukou a nohou p\u0159i vyh\u0159ezl\u00e9 plot\u00e9nce\u2026) nebo omezenou hybnost\u00ed po c\u00e9vn\u00ed mozkov\u00e9 p\u0159\u00edhod\u011b\u2026<\/p>\n\n\n\n<p><\/p>\n\n\n\n<p><\/p>\n\n\n\n<div class=\"wp-block-image is-style-default\"><figure class=\"alignleft\"><img loading=\"lazy\" width=\"300\" height=\"169\" src=\"http:\/\/www.fyziomarketa.cz\/wp-content\/uploads\/2021\/06\/IMG_2259-300x169.jpg\" alt=\"Lekce fyzioterapie\" class=\"wp-image-271\" srcset=\"https:\/\/www.fyziomarketa.cz\/wp-content\/uploads\/2021\/06\/IMG_2259-300x169.jpg 300w, https:\/\/www.fyziomarketa.cz\/wp-content\/uploads\/2021\/06\/IMG_2259-700x394.jpg 700w, https:\/\/www.fyziomarketa.cz\/wp-content\/uploads\/2021\/06\/IMG_2259-768x432.jpg 768w, https:\/\/www.fyziomarketa.cz\/wp-content\/uploads\/2021\/06\/IMG_2259-1536x864.jpg 1536w, https:\/\/www.fyziomarketa.cz\/wp-content\/uploads\/2021\/06\/IMG_2259-2048x1152.jpg 2048w, https:\/\/www.fyziomarketa.cz\/wp-content\/uploads\/2021\/06\/IMG_2259-107x60.jpg 107w\" sizes=\"(max-width: 300px) 100vw, 300px\" \/><\/figure><\/div>\n\n\n\n<p>Miluju p\u0159ed\u00e1vat ostatn\u00edm to, co um\u00edm. A tak na kurzech u\u010d\u00edm &nbsp;jednodu\u0161e \u00fa\u010dinn\u00e9 tipy a triky, jak zvl\u00e1dnout celodenn\u00ed maraton v kancel\u00e1\u0159i.<\/p>\n\n\n\n<p>Obrac\u00ed se na m\u011b tak\u00e9 maminky po porodu, kter\u00e9 maj\u00ed jizvy po c\u00edsa\u0159sk\u00e9m \u0159ezu nebo rozestup b\u0159i\u0161n\u00edch sval\u016f.<\/p>\n\n\n\n<p><\/p>\n\n\n\n<p>V posledn\u00ed dob\u011b hodn\u011b \u0159e\u0161\u00edm tak\u00e9 p\u00e1len\u00ed \u017e\u00e1hy po j\u00eddle, \u010di nepravidelnou menstruaci, pokud se jedn\u00e1 o poruchu funkce\u2026<\/p>\n\n\n\n<p>Pokud pro sebe chcete n\u011bco ud\u011blat, ale nem\u00e1te \u010das m\u011b nav\u0161t\u00edvit, tak se mrkn\u011bte na&nbsp;<a href=\"https:\/\/www.naucmese.cz\/kurz\/video-procvic-se-z-bolesti\">zdrav\u00e9 cvi\u010den\u00ed na m\u00ed\u010d\u00edch<\/a><\/p>\n\n\n\n<p><\/p>\n\n\n\n<h2>Mark\u00e9ta Matou\u0161kov\u00e1 Fyzioterapie Brno<\/h2>\n\n\n\n<p>Mark\u00e9tka, je moc \u0161ikovn\u00e1 fyzioterapeutka. Nejednou s n\u00e1mi byla na p\u0159\u00edpravn\u00e9m reprezenta\u010dn\u00edm soust\u0159ed\u011bn\u00ed, kde se starala jak o kategorii dorostu, tak junior\u016f, tak tak\u00e9 dosp\u011bl\u00fdch. Z osobn\u00ed zku\u0161enosti mohu \u0159\u00edci, \u017ee je velmi empatick\u00e1. a to j\u00ed l\u00e9pe pom\u00e1h\u00e1 p\u0159i diagnostice a n\u00e1sledn\u00e9m \u0159e\u0161en\u00ed \u00fatrap.&nbsp;<\/p>\n\n\n\n<p>Eva Puskar\u010d\u00edkov\u00e1, biatlonistka, reprezentantka \u010cR&nbsp;<\/p>\n\n\n\n<p>S Mark\u00e9tou jsem se setkala poprv\u00e9 v reprezentaci.Jezdila s n\u00e1mi na z\u00e1vody. M\u00e1m probl\u00e9my se z\u00e1dy a bolesti, kter\u00e9 m\u011b omezovaly na z\u00e1vodech, tak um\u011bla v\u017edy vy\u0159e\u0161it.D\u011blaly jsme r\u016fzn\u00e9 metody a potom zkou\u0161ela co mi pom\u016f\u017ee a kdyby tam nebyla, tak bych MSJ neodjela.Kdy\u017e jsem Mark\u00e9t \u0159ekla m\u016fj dal\u0161\u00ed probl\u00e9m v\u017edy v\u011bd\u011bla co m\u00e1 ud\u011blat a v\u017edy mi ulevila.Zvl\u00e1dla v\u0161echno od m\u00e9 porouchan\u00e9 ruky s kterou jsem si nev\u011bd\u011bla rady a nemohla h\u00fdbat a\u017e po z\u00e1da.Zatejpov\u00e1n\u00ed, r\u016fzn\u00e9 proma\u010dk\u00e1v\u00e1n\u00ed bod\u016f. Ur\u010dit\u011b mohu jen doporu\u010dit.&nbsp;<\/p>\n\n\n\n<p>Tereza Bu\u0161\u00ednsk\u00e1, juniorsk\u00e1 mistryn\u011b sv\u011bta ve veslov\u00e1n\u00ed&nbsp;<\/p>\n\n\n\n<p>Mark\u00e9tka, je moc \u0161ikovn\u00e1 fyzioterapeutka. Nejednou s n\u00e1mi byla na p\u0159\u00edpravn\u00e9m reprezenta\u010dn\u00edm soust\u0159ed\u011bn\u00ed, kde se starala jak o kategorii dorostu, tak junior\u016f, tak tak\u00e9 dosp\u011bl\u00fdch. Z osobn\u00ed zku\u0161enosti mohu \u0159\u00edci, \u017ee je velmi empatick\u00e1. a to j\u00ed l\u00e9pe pom\u00e1h\u00e1 p\u0159i diagnostice a n\u00e1sledn\u00e9m \u0159e\u0161en\u00ed \u00fatrap.<\/p>\n\n\n\n<p>Mark\u00e9tka, je moc \u0161ikovn\u00e1 fyzioterapeutka. Nejednou s n\u00e1mi byla na p\u0159\u00edpravn\u00e9m reprezenta\u010dn\u00edm soust\u0159ed\u011bn\u00ed, kde se starala jak o kategorii dorostu, tak junior\u016f, tak tak\u00e9 dosp\u011bl\u00fdch. Z osobn\u00ed zku\u0161enosti mohu \u0159\u00edci, \u017ee je velmi empatick\u00e1. a to j\u00ed l\u00e9pe pom\u00e1h\u00e1 p\u0159i diagnostice a n\u00e1sledn\u00e9m \u0159e\u0161en\u00ed \u00fatrap.<\/p>\n","protected":false},"excerpt":{"rendered":"<p>Fyzioterapie Brno Mark\u00e9ta Matou\u0161kov\u00e1 Fyzioterapie Brno Mark\u00e9ta Matou\u0161kov\u00e1 Fyzioterapie Brno Studovala jsem fyzioterapii&nbsp;na presti\u017en\u00ed l\u00e9ka\u0159sk\u00e9 fakult\u011b v Praze,&nbsp;pod veden\u00edm profesora Pavla Kol\u00e1\u0159e.&nbsp;M\u00fdmi u\u010diteli byli \u0161pi\u010dky v oboru, za co\u017e jsem &hellip; <\/p>\n","protected":false},"author":1,"featured_media":0,"parent":0,"menu_order":0,"comment_status":"closed","ping_status":"closed","template":"","meta":[],"_links":{"self":[{"href":"https:\/\/www.fyziomarketa.cz\/index.php\/wp-json\/wp\/v2\/pages\/87"}],"collection":[{"href":"https:\/\/www.fyziomarketa.cz\/index.php\/wp-json\/wp\/v2\/pages"}],"about":[{"href":"https:\/\/www.fyziomarketa.cz\/index.php\/wp-json\/wp\/v2\/types\/page"}],"author":[{"embeddable":true,"href":"https:\/\/www.fyziomarketa.cz\/index.php\/wp-json\/wp\/v2\/users\/1"}],"replies":[{"embeddable":true,"href":"https:\/\/www.fyziomarketa.cz\/index.php\/wp-json\/wp\/v2\/comments?post=87"}],"version-history":[{"count":19,"href":"https:\/\/www.fyziomarketa.cz\/index.php\/wp-json\/wp\/v2\/pages\/87\/revisions"}],"predecessor-version":[{"id":817,"href":"https:\/\/www.fyziomarketa.cz\/index.php\/wp-json\/wp\/v2\/pages\/87\/revisions\/817"}],"wp:attachment":[{"href":"https:\/\/www.fyziomarketa.cz\/index.php\/wp-json\/wp\/v2\/media?parent=87"}],"curies":[{"name":"wp","href":"https:\/\/api.w.org\/{rel}","templated":true}]}}