{"id":873,"date":"2023-10-08T16:23:24","date_gmt":"2023-10-08T16:23:24","guid":{"rendered":"https:\/\/www.fyziomarketa.cz\/?page_id=873"},"modified":"2025-06-03T14:56:31","modified_gmt":"2025-06-03T14:56:31","slug":"co-nabizim","status":"publish","type":"page","link":"https:\/\/www.fyziomarketa.cz\/index.php\/co-nabizim\/","title":{"rendered":"CO NAB\u00cdZ\u00cdM"},"content":{"rendered":"\n<ul><li>FYZIOTERAPIE<\/li><\/ul>\n\n\n\n<p><\/p>\n\n\n\n<ul><li>P\u0158EDN\u00c1\u0160KY NEJEN VE FIRM\u00c1CH  V \u010cESK\u00c9M I ANGLICK\u00c9M JAZYCE<\/li><\/ul>\n\n\n\n<p><\/p>\n\n\n\n<ul><li>KONZULTACE PRO ZA\u010c\u00cdNAJ\u00cdC\u00cd FYZIOTERAPEUTY<\/li><\/ul>\n","protected":false},"excerpt":{"rendered":"<p>FYZIOTERAPIE P\u0158EDN\u00c1\u0160KY NEJEN VE FIRM\u00c1CH V \u010cESK\u00c9M I ANGLICK\u00c9M JAZYCE KONZULTACE PRO ZA\u010c\u00cdNAJ\u00cdC\u00cd FYZIOTERAPEUTY<\/p>\n","protected":false},"author":1,"featured_media":0,"parent":0,"menu_order":0,"comment_status":"closed","ping_status":"closed","template":"","meta":[],"_links":{"self":[{"href":"https:\/\/www.fyziomarketa.cz\/index.php\/wp-json\/wp\/v2\/pages\/873"}],"collection":[{"href":"https:\/\/www.fyziomarketa.cz\/index.php\/wp-json\/wp\/v2\/pages"}],"about":[{"href":"https:\/\/www.fyziomarketa.cz\/index.php\/wp-json\/wp\/v2\/types\/page"}],"author":[{"embeddable":true,"href":"https:\/\/www.fyziomarketa.cz\/index.php\/wp-json\/wp\/v2\/users\/1"}],"replies":[{"embeddable":true,"href":"https:\/\/www.fyziomarketa.cz\/index.php\/wp-json\/wp\/v2\/comments?post=873"}],"version-history":[{"count":3,"href":"https:\/\/www.fyziomarketa.cz\/index.php\/wp-json\/wp\/v2\/pages\/873\/revisions"}],"predecessor-version":[{"id":953,"href":"https:\/\/www.fyziomarketa.cz\/index.php\/wp-json\/wp\/v2\/pages\/873\/revisions\/953"}],"wp:attachment":[{"href":"https:\/\/www.fyziomarketa.cz\/index.php\/wp-json\/wp\/v2\/media?parent=873"}],"curies":[{"name":"wp","href":"https:\/\/api.w.org\/{rel}","templated":true}]}}