{"id":91,"date":"2021-06-18T05:40:37","date_gmt":"2021-06-18T05:40:37","guid":{"rendered":"http:\/\/www.fyziomarketa.cz\/?page_id=91"},"modified":"2025-03-26T16:55:17","modified_gmt":"2025-03-26T16:55:17","slug":"bolest","status":"publish","type":"page","link":"https:\/\/www.fyziomarketa.cz\/index.php\/bolest\/","title":{"rendered":"Pro\u010d za mnou p\u0159ij\u00edt?"},"content":{"rendered":"\n<p class=\"has-black-color has-text-color\" id=\"krome-individualni-terapie-prednasim-ve-firmach-a-ucim-jednotlivce-kterym-neni-jedno-jejich-zdravi-a-telo\">Krom\u011b individu\u00e1ln\u00ed terapie p\u0159edn\u00e1\u0161\u00edm ve firm\u00e1ch nebo vedu kurzy, nap\u0159\u00edklad v <a rel=\"noreferrer noopener\" href=\"https:\/\/www.naucmese.cz\/kurz\/v-kanclu-a-na-home-office-bez-bolesti\" target=\"_blank\">kanclu bez bolesti<\/a>. A vytvo\u0159ila jsem <a href=\"https:\/\/www.naucmese.cz\/kurz\/video-procvic-se-z-bolesti\">cvi\u010den\u00ed na doma<\/a> .<\/p>\n\n\n\n<p id=\"muzete-za-mnou-prijit-zkonzultovat-zdravotni-stav-kdyz-si-nevite-rady-nektere-konkretni-uvadim-nize-pro-predstavu-pokud-mate-nejakou-otazku-obratte-se-primo-na-me\">M\u016f\u017eete za mnou p\u0159ij\u00edt zkonzultovat zdravotn\u00ed stav, kdy\u017e si nev\u00edte rady. N\u011bkter\u00e9 konkr\u00e9tn\u00ed neduhy uv\u00e1d\u00edm n\u00ed\u017ee pro p\u0159edstavu. Pokud m\u00e1te n\u011bjakou ot\u00e1zku, obra\u0165te se p\u0159\u00edmo na m\u011b.<\/p>\n\n\n\n<div class=\"wp-block-media-text alignwide is-stacked-on-mobile\"><figure class=\"wp-block-media-text__media\"><img loading=\"lazy\" width=\"700\" height=\"467\" src=\"https:\/\/www.fyziomarketa.cz\/wp-content\/uploads\/2022\/02\/DSC_6063-2-700x467.jpg\" alt=\"\" class=\"wp-image-593 size-full\" srcset=\"https:\/\/www.fyziomarketa.cz\/wp-content\/uploads\/2022\/02\/DSC_6063-2-700x467.jpg 700w, https:\/\/www.fyziomarketa.cz\/wp-content\/uploads\/2022\/02\/DSC_6063-2-300x200.jpg 300w, https:\/\/www.fyziomarketa.cz\/wp-content\/uploads\/2022\/02\/DSC_6063-2-768x513.jpg 768w, https:\/\/www.fyziomarketa.cz\/wp-content\/uploads\/2022\/02\/DSC_6063-2-1536x1025.jpg 1536w, https:\/\/www.fyziomarketa.cz\/wp-content\/uploads\/2022\/02\/DSC_6063-2-2048x1367.jpg 2048w, https:\/\/www.fyziomarketa.cz\/wp-content\/uploads\/2022\/02\/DSC_6063-2-90x60.jpg 90w, https:\/\/www.fyziomarketa.cz\/wp-content\/uploads\/2022\/02\/DSC_6063-2-370x247.jpg 370w, https:\/\/www.fyziomarketa.cz\/wp-content\/uploads\/2022\/02\/DSC_6063-2-776x517.jpg 776w\" sizes=\"(max-width: 700px) 100vw, 700px\" \/><\/figure><div class=\"wp-block-media-text__content\">\n<p id=\"citite-neurcitou-bolest-kloubu-a-svalu\">C\u00edt\u00edte  neur\u010ditou bolest kloub\u016f a sval\u016f?<\/p>\n\n\n\n<p id=\"boli-vas-hlava-za-krkem-nebo-zada\">Bol\u00ed V\u00e1s hlava za krkem nebo z\u00e1da?<\/p>\n\n\n\n<p id=\"dycha-se-vam-hur-mate-treba-astma\">D\u00fdch\u00e1 se V\u00e1m h\u016f\u0159? M\u00e1te t\u0159eba astma?<\/p>\n\n\n\n<p id=\"nezda-se-vam-neco-mate-pocit-ze-stojite-krive-jste-zalomeni-v-bedrech-nebo-mate-ploche-nohy\">Nezd\u00e1 se V\u00e1m n\u011bco? M\u00e1te pocit, \u017ee stoj\u00edte k\u0159iv\u011b, jste zalomen\u00ed v bedrech nebo m\u00e1te ploch\u00e9 nohy&#8230;?<\/p>\n<\/div><\/div>\n\n\n\n<div class=\"wp-block-media-text alignwide has-media-on-the-right is-stacked-on-mobile\"><figure class=\"wp-block-media-text__media\"><img loading=\"lazy\" width=\"700\" height=\"467\" src=\"https:\/\/www.fyziomarketa.cz\/wp-content\/uploads\/2022\/02\/DSC_6255-2-700x467.jpg\" alt=\"\" class=\"wp-image-595 size-full\" srcset=\"https:\/\/www.fyziomarketa.cz\/wp-content\/uploads\/2022\/02\/DSC_6255-2-700x467.jpg 700w, https:\/\/www.fyziomarketa.cz\/wp-content\/uploads\/2022\/02\/DSC_6255-2-300x200.jpg 300w, https:\/\/www.fyziomarketa.cz\/wp-content\/uploads\/2022\/02\/DSC_6255-2-768x513.jpg 768w, https:\/\/www.fyziomarketa.cz\/wp-content\/uploads\/2022\/02\/DSC_6255-2-1536x1025.jpg 1536w, https:\/\/www.fyziomarketa.cz\/wp-content\/uploads\/2022\/02\/DSC_6255-2-2048x1367.jpg 2048w, https:\/\/www.fyziomarketa.cz\/wp-content\/uploads\/2022\/02\/DSC_6255-2-90x60.jpg 90w, https:\/\/www.fyziomarketa.cz\/wp-content\/uploads\/2022\/02\/DSC_6255-2-370x247.jpg 370w, https:\/\/www.fyziomarketa.cz\/wp-content\/uploads\/2022\/02\/DSC_6255-2-776x517.jpg 776w\" sizes=\"(max-width: 700px) 100vw, 700px\" \/><\/figure><div class=\"wp-block-media-text__content\">\n<p id=\"chcete-telo-zkontrolovat-a-dat-mu-nutnou-udrzbu\"> Chcete t\u011blo zkontrolovat a d\u00e1t mu nutnou \u00fadr\u017ebu?<\/p>\n\n\n\n<p id=\"jste-sportovni-nadsenec-nebo-jen-obcas-mate-pocit-ze-vas-u-toho-neco-boli-nebo-proste-jen-chcete-pro-sebe-udelat-neco-navic\">Jste sportovn\u00ed nad\u0161enec? Nebo jen ob\u010das?<\/p>\n\n\n\n<p id=\"jste-sportovni-nadsenec-nebo-jen-obcas-mate-pocit-ze-vas-u-toho-neco-boli-nebo-proste-jen-chcete-pro-sebe-udelat-neco-navic\">M\u00e1te pocit,  \u017ee V\u00e1s u toho n\u011bco bol\u00ed? Nebo prost\u011b jen chcete pro sebe ud\u011blat n\u011bco nav\u00edc?<\/p>\n\n\n\n<p id=\"pokud-jste-si-vyvrtli-kotnik-nebo-jste-se-jinak-zranili-pri-vasem-oblibenem-sportu\">Pokud jste si vyvrtli kotn\u00edk nebo jste se jinak zranili p\u0159i Va\u0161em obl\u00edben\u00e9m sportu.<\/p>\n<\/div><\/div>\n\n\n\n<div class=\"wp-block-media-text alignwide is-stacked-on-mobile\"><figure class=\"wp-block-media-text__media\"><img loading=\"lazy\" width=\"700\" height=\"467\" src=\"https:\/\/www.fyziomarketa.cz\/wp-content\/uploads\/2022\/02\/DSC_6003-2-700x467.jpg\" alt=\"\" class=\"wp-image-599 size-full\" srcset=\"https:\/\/www.fyziomarketa.cz\/wp-content\/uploads\/2022\/02\/DSC_6003-2-700x467.jpg 700w, https:\/\/www.fyziomarketa.cz\/wp-content\/uploads\/2022\/02\/DSC_6003-2-300x200.jpg 300w, https:\/\/www.fyziomarketa.cz\/wp-content\/uploads\/2022\/02\/DSC_6003-2-768x513.jpg 768w, https:\/\/www.fyziomarketa.cz\/wp-content\/uploads\/2022\/02\/DSC_6003-2-1536x1025.jpg 1536w, https:\/\/www.fyziomarketa.cz\/wp-content\/uploads\/2022\/02\/DSC_6003-2-2048x1367.jpg 2048w, https:\/\/www.fyziomarketa.cz\/wp-content\/uploads\/2022\/02\/DSC_6003-2-90x60.jpg 90w, https:\/\/www.fyziomarketa.cz\/wp-content\/uploads\/2022\/02\/DSC_6003-2-370x247.jpg 370w, https:\/\/www.fyziomarketa.cz\/wp-content\/uploads\/2022\/02\/DSC_6003-2-776x517.jpg 776w\" sizes=\"(max-width: 700px) 100vw, 700px\" \/><\/figure><div class=\"wp-block-media-text__content\">\n<p id=\"planujete-operaci-krizoveho-vazu-vymenu-kloubu-v-kycli-nebo-kolene-a-chcete-pred-tim-nohu-trochu-posilit-vedet-co-delat-po-operaci-a-jak-pracovat-s-jizvou-mate-operaci-za-sebou-a-chcete-se-poradit-co-dal-a-urychlit-hojivy-proces\">Pl\u00e1nujete operaci k\u0159\u00ed\u017eov\u00e9ho vazu? V\u00fdm\u011bnu kloubu v ky\u010dli nebo kolene a chcete p\u0159ed t\u00edm nohu trochu pos\u00edlit? <\/p>\n\n\n\n<p id=\"planujete-operaci-krizoveho-vazu-vymenu-kloubu-v-kycli-nebo-kolene-a-chcete-pred-tim-nohu-trochu-posilit-vedet-co-delat-po-operaci-a-jak-pracovat-s-jizvou-mate-operaci-za-sebou-a-chcete-se-poradit-co-dal-a-urychlit-hojivy-proces\"> Co d\u011blat po operaci a jak pracovat s jizvou? M\u00e1te operaci za sebou a chcete se poradit co d\u00e1l a urychlit hojiv\u00fd proces?<\/p>\n\n\n\n<p id=\"trapi-vas-paleni-zahy-mate-bolesti-bricha-i-kdyz-je-vse-v-poradku-nebo-musite-na-operaci-kyly\">Tr\u00e1p\u00ed V\u00e1s p\u00e1len\u00ed \u017e\u00e1hy? M\u00e1te bolesti b\u0159icha, i kdy\u017e je v\u0161e v po\u0159\u00e1dku nebo mus\u00edte na operaci k\u00fdly?<\/p>\n\n\n\n<div class=\"wp-container-1 wp-block-buttons\">\n<div class=\"wp-block-button is-style-outline\"><a class=\"wp-block-button__link has-black-color has-vivid-green-cyan-background-color has-text-color has-background\" href=\"https:\/\/mgr-marketa-matouskova.reservio.com\" target=\"_blank\" rel=\"noreferrer noopener\">REZERVOVAT TERM\u00cdN<\/a><\/div>\n<\/div>\n<\/div><\/div>\n\n\n\n<div class=\"wp-block-media-text alignwide has-media-on-the-right is-stacked-on-mobile\"><figure class=\"wp-block-media-text__media\"><img loading=\"lazy\" width=\"700\" height=\"467\" src=\"https:\/\/www.fyziomarketa.cz\/wp-content\/uploads\/2022\/02\/DSC_5468-700x467.jpg\" alt=\"\" class=\"wp-image-601 size-full\" srcset=\"https:\/\/www.fyziomarketa.cz\/wp-content\/uploads\/2022\/02\/DSC_5468-700x467.jpg 700w, https:\/\/www.fyziomarketa.cz\/wp-content\/uploads\/2022\/02\/DSC_5468-300x200.jpg 300w, https:\/\/www.fyziomarketa.cz\/wp-content\/uploads\/2022\/02\/DSC_5468-768x513.jpg 768w, https:\/\/www.fyziomarketa.cz\/wp-content\/uploads\/2022\/02\/DSC_5468-1536x1025.jpg 1536w, https:\/\/www.fyziomarketa.cz\/wp-content\/uploads\/2022\/02\/DSC_5468-2048x1367.jpg 2048w, https:\/\/www.fyziomarketa.cz\/wp-content\/uploads\/2022\/02\/DSC_5468-90x60.jpg 90w, https:\/\/www.fyziomarketa.cz\/wp-content\/uploads\/2022\/02\/DSC_5468-370x247.jpg 370w, https:\/\/www.fyziomarketa.cz\/wp-content\/uploads\/2022\/02\/DSC_5468-776x517.jpg 776w\" sizes=\"(max-width: 700px) 100vw, 700px\" \/><\/figure><div class=\"wp-block-media-text__content\">\n<p id=\"jste-maminka-po-porodu-boli-vas-zada-chcete-poradit-s-panevnim-dnem-povolenym-brichem-s-rozestupem-brisni-steny-nebo-jizvou-po-cisarskem-rezu\">Jste maminka po porodu? Bol\u00ed V\u00e1s z\u00e1da? Chcete poradit s p\u00e1nevn\u00edm dnem? Povolen\u00fdm b\u0159ichem? S rozestupem b\u0159i\u0161n\u00ed st\u011bny? Nebo jizvou po c\u00edsa\u0159sk\u00e9m \u0159ezu?<\/p>\n\n\n\n<p id=\"sedite-cely-den-v-kancelari-nebo-v-aute-a-boli-vas-zada-nebo-krk\">Sed\u00edte cel\u00fd den v kancel\u00e1\u0159i nebo v aut\u011b a bol\u00ed V\u00e1s z\u00e1da nebo krk?<\/p>\n\n\n\n<div class=\"wp-block-columns\">\n<div class=\"wp-block-column\" style=\"flex-basis:100%\">\n<p id=\"rekl-vam-lekar-ze-mate-vyhrezlou-plotenku\">\u0158ekl V\u00e1m l\u00e9ka\u0159, \u017ee m\u00e1te vyh\u0159ezlou plot\u00e9nku?<\/p>\n<\/div>\n<\/div>\n<\/div><\/div>\n\n\n\n<div class=\"wp-block-media-text alignwide is-stacked-on-mobile\"><figure class=\"wp-block-media-text__media\"><img loading=\"lazy\" width=\"700\" height=\"467\" src=\"https:\/\/www.fyziomarketa.cz\/wp-content\/uploads\/2022\/02\/DSC_6269-1-700x467.jpg\" alt=\"\" class=\"wp-image-609 size-full\" srcset=\"https:\/\/www.fyziomarketa.cz\/wp-content\/uploads\/2022\/02\/DSC_6269-1-700x467.jpg 700w, https:\/\/www.fyziomarketa.cz\/wp-content\/uploads\/2022\/02\/DSC_6269-1-300x200.jpg 300w, https:\/\/www.fyziomarketa.cz\/wp-content\/uploads\/2022\/02\/DSC_6269-1-768x513.jpg 768w, https:\/\/www.fyziomarketa.cz\/wp-content\/uploads\/2022\/02\/DSC_6269-1-1536x1025.jpg 1536w, https:\/\/www.fyziomarketa.cz\/wp-content\/uploads\/2022\/02\/DSC_6269-1-2048x1367.jpg 2048w, https:\/\/www.fyziomarketa.cz\/wp-content\/uploads\/2022\/02\/DSC_6269-1-90x60.jpg 90w, https:\/\/www.fyziomarketa.cz\/wp-content\/uploads\/2022\/02\/DSC_6269-1-370x247.jpg 370w, https:\/\/www.fyziomarketa.cz\/wp-content\/uploads\/2022\/02\/DSC_6269-1-776x517.jpg 776w\" sizes=\"(max-width: 700px) 100vw, 700px\" \/><\/figure><div class=\"wp-block-media-text__content\">\n<p id=\"chcete-mit-jogu-v-maliku-nebo-nevite-zda-si-v-posilovne-nevedome-ublizujete\">Chcete m\u00edt j\u00f3gu v mal\u00edku? Nebo nev\u00edte, zda si v posilovn\u011b nev\u011bdom\u011b ubli\u017eujete?<\/p>\n\n\n\n<p id=\"pokud-jste-student-a-investujete-radsi-do-sveho-zdravi-nez-do-piva\">Pokud jste student a investujete rad\u0161i do sv\u00e9ho zdrav\u00ed ne\u017e do piva.<\/p>\n\n\n\n<p id=\"jste-milujici-rodic-a-mate-doma-maleho-sportovce-nebo-chcete-pro-svoje-dite-udelat-neco-navic\">Jste miluj\u00edc\u00ed rodi\u010d a m\u00e1te doma mal\u00e9ho sportovce?<\/p>\n\n\n\n<p id=\"jste-milujici-rodic-a-mate-doma-maleho-sportovce-nebo-chcete-pro-svoje-dite-udelat-neco-navic\">Chcete pro svoje d\u00edt\u011b ud\u011blat n\u011bco nav\u00edc a v\u011bd\u011bt, \u017ee m\u00e1 t\u011blo v pohod\u011b.<\/p>\n\n\n\n<p><\/p>\n<\/div><\/div>\n\n\n\n<div class=\"wp-container-2 wp-block-buttons\">\n<div class=\"wp-block-button alignright is-style-outline\"><a class=\"wp-block-button__link has-black-color has-vivid-green-cyan-background-color has-text-color has-background\" href=\"https:\/\/mgr-marketa-matouskova.reservio.com\" target=\"_blank\" rel=\"noreferrer noopener\">REZERVOVAT TERM\u00cdN<\/a><\/div>\n<\/div>\n\n\n\n<p><\/p>\n","protected":false},"excerpt":{"rendered":"<p>Krom\u011b individu\u00e1ln\u00ed terapie p\u0159edn\u00e1\u0161\u00edm ve firm\u00e1ch nebo vedu kurzy, nap\u0159\u00edklad v kanclu bez bolesti. A vytvo\u0159ila jsem cvi\u010den\u00ed na doma . M\u016f\u017eete za mnou p\u0159ij\u00edt zkonzultovat zdravotn\u00ed stav, kdy\u017e si &hellip; <\/p>\n","protected":false},"author":1,"featured_media":0,"parent":0,"menu_order":0,"comment_status":"closed","ping_status":"closed","template":"","meta":[],"_links":{"self":[{"href":"https:\/\/www.fyziomarketa.cz\/index.php\/wp-json\/wp\/v2\/pages\/91"}],"collection":[{"href":"https:\/\/www.fyziomarketa.cz\/index.php\/wp-json\/wp\/v2\/pages"}],"about":[{"href":"https:\/\/www.fyziomarketa.cz\/index.php\/wp-json\/wp\/v2\/types\/page"}],"author":[{"embeddable":true,"href":"https:\/\/www.fyziomarketa.cz\/index.php\/wp-json\/wp\/v2\/users\/1"}],"replies":[{"embeddable":true,"href":"https:\/\/www.fyziomarketa.cz\/index.php\/wp-json\/wp\/v2\/comments?post=91"}],"version-history":[{"count":54,"href":"https:\/\/www.fyziomarketa.cz\/index.php\/wp-json\/wp\/v2\/pages\/91\/revisions"}],"predecessor-version":[{"id":762,"href":"https:\/\/www.fyziomarketa.cz\/index.php\/wp-json\/wp\/v2\/pages\/91\/revisions\/762"}],"wp:attachment":[{"href":"https:\/\/www.fyziomarketa.cz\/index.php\/wp-json\/wp\/v2\/media?parent=91"}],"curies":[{"name":"wp","href":"https:\/\/api.w.org\/{rel}","templated":true}]}}