{"id":92,"date":"2021-06-18T05:40:37","date_gmt":"2021-06-18T05:40:37","guid":{"rendered":"http:\/\/www.fyziomarketa.cz\/?page_id=92"},"modified":"2025-03-26T16:47:40","modified_gmt":"2025-03-26T16:47:40","slug":"cenik","status":"publish","type":"page","link":"https:\/\/www.fyziomarketa.cz\/index.php\/cenik\/","title":{"rendered":"CEN\u00cdK"},"content":{"rendered":"\n<h4 class=\"has-vivid-green-cyan-color has-text-color\" id=\"prvni-uvodni-hodina-1-300-kc\">PLAT\u00cd OD 1.5. 2025<\/h4>\n\n\n\n<h4 class=\"has-vivid-green-cyan-color has-text-color\" id=\"prvni-uvodni-hodina-1-300-kc\"><strong>PRVN\u00cd  \u00daVODN\u00cd HODINA :<\/strong> <strong>1 650 K\u010c<\/strong><\/h4>\n\n\n\n<p id=\"zahrnuje-anamnezu-precizni-vysetreni-a-diagnostiku-uvodni-osetreni\">Zahrnuje anamn\u00e9zu, precizn\u00ed vy\u0161et\u0159en\u00ed a diagnostiku, \u00favodn\u00ed o\u0161et\u0159en\u00ed&#8230;<\/p>\n\n\n\n<p id=\"prelozeno-do-lidstiny-nejprve-se-pri-sklenici-vody-caje-nebo-kavy-seznamime-popovidame-si-a-probereme-vasi-historii-hasime-pozary-potom-vase-telo-budu-malinko-pomlouvat-a-zkoumat-a-nakonec-ho-peclive-opecujeme-a-pripadne-rozebereme-nejasnosti-a-vase-otazky\"><em>p\u0159elo\u017eeno do lid\u0161tiny: nejprve se p\u0159i sklenici vody, \u010daje nebo k\u00e1vy sezn\u00e1m\u00edme, popov\u00edd\u00e1me si a probereme Va\u0161i historii, has\u00edme po\u017e\u00e1ry, potom Va\u0161e t\u011blo budu malinko pomlouvat a zkoumat a nakonec ho pe\u010dliv\u011b ope\u010dujeme a p\u0159\u00edpadn\u011b rozebereme nejasnosti a Va\u0161e ot\u00e1zky<\/em>&#8230;<\/p>\n\n\n\n<p><\/p>\n\n\n\n<p><\/p>\n\n\n\n<p><\/p>\n\n\n\n<h4 class=\"has-vivid-green-cyan-color has-text-color\" id=\"dalsi-hodina-fyzioterapie-1-100-kc\"><strong>DAL\u0160\u00cd HODINA FYZIOTERAPIE : 1 500 K\u010c<\/strong><\/h4>\n\n\n\n<p id=\"pokracujeme-v-terapii-aby-vam-ve-vasem-tele-bylo-jeste-lepe-navic-po-kazde-dalsi-hodine-vnimate-svoje-telo-lepe-a-lepe-a-to-je-zaklad-uspechu\">Pokra\u010dujeme v terapii, aby V\u00e1m ve Va\u0161em t\u011ble bylo je\u0161t\u011b l\u00e9pe! Nav\u00edc po ka\u017ed\u00e9 dal\u0161\u00ed hodin\u011b vn\u00edm\u00e1te svoje t\u011blo l\u00e9pe a l\u00e9pe a to je z\u00e1klad \u00fasp\u011bchu! <\/p>\n\n\n\n<p><\/p>\n\n\n\n<div class=\"wp-container-1 wp-block-buttons\">\n<div class=\"wp-block-button aligncenter is-style-outline\"><a class=\"wp-block-button__link has-vivid-green-cyan-background-color has-background\" href=\"https:\/\/mgr-marketa-matouskova.reservio.com\" target=\"_blank\" rel=\"noreferrer noopener\">REZERVOVAT TERM\u00cdN<\/a><\/div>\n<\/div>\n\n\n\n<p><\/p>\n\n\n\n<h4 class=\"has-vivid-green-cyan-color has-text-color\" id=\"prvni-uvodni-hodina-studenti-1-100-kc\"><strong>PRVN\u00cd \u00daVODN\u00cd HODINA STUDENTI: 1 500 K\u010c<\/strong><\/h4>\n\n\n\n<h4 class=\"has-vivid-green-cyan-color has-text-color\" id=\"1-hodina-fyzioterapie-studenti-900-kc\"><strong>1 HODINA FYZIOTERAPIE STUDENTI:  1 300 K\u010c<\/strong><\/h4>\n\n\n\n<p id=\"studenti-maji-hluboko-do-kapsy-ja-vim-taky-jsem-studovala\"><em>Studenti maj\u00ed hluboko do kapsy, j\u00e1 v\u00edm. Taky jsem studovala.<\/em><\/p>\n\n\n\n<p><\/p>\n\n\n\n<p><\/p>\n\n\n\n<p> <\/p>\n\n\n\n<p><\/p>\n\n\n\n<div class=\"wp-container-2 wp-block-group\"><div class=\"wp-block-group__inner-container\">\n<p><\/p>\n<\/div><\/div>\n\n\n\n<h4 class=\"has-vivid-green-cyan-color has-text-color\" id=\"1-hodina-fyzioterapie-behem-vikendu-2-200-kc\"><strong>1 HODINA FYZIOTERAPIE B\u011aHEM V\u00cdKENDU: 3 000 K\u010c<\/strong><\/h4>\n\n\n\n<p><\/p>\n\n\n\n<p><\/p>\n\n\n\n<h4 class=\"has-vivid-green-cyan-color has-text-color\" id=\"aplikace-tejpu-mimo-hodinu-fyzioterapie-300-500-kc-cena-zavisi-na-rozsahu-a-pouziti-materialu\"><strong>APLIKACE TEJPU MIMO HODINU FYZIOTERAPIE : 400 &#8211; 600 K\u010c <\/strong><\/h4>\n\n\n\n<p id=\"aplikace-tejpu-mimo-hodinu-fyzioterapie-300-500-kc-cena-zavisi-na-rozsahu-a-pouziti-materialu\"><em>(cena z\u00e1vis\u00ed na rozsahu a pou\u017eit\u00ed materi\u00e1lu&#8230;)<\/em><\/p>\n\n\n\n<p><\/p>\n\n\n\n<div class=\"wp-container-3 wp-block-buttons\">\n<div class=\"wp-block-button aligncenter is-style-outline\"><a class=\"wp-block-button__link has-vivid-green-cyan-background-color has-background\" href=\"https:\/\/mgr-marketa-matouskova.reservio.com\" target=\"_blank\" rel=\"noreferrer noopener\">REZERVOVAT TERM\u00cdN<\/a><\/div>\n<\/div>\n\n\n\n<h4 class=\"has-vivid-green-cyan-color has-text-color\"><strong>BIODYNAMICK\u00c1 MAS\u00c1\u017d  (50 MIN o\u0161et\u0159en\u00ed, 10 min vst\u0159eb\u00e1v\u00e1n\u00ed): 1 500 K\u010c<\/strong><\/h4>\n\n\n\n<p>o\u0161et\u0159en\u00ed prob\u00edh\u00e1 v pohodln\u00e9m oble\u010den\u00ed, c\u00edlem je aktivovat parasympatikus (nervov\u00fd syst\u00e9m, co n\u00e1s dr\u017e\u00ed v klidu) a d\u00e1t t\u011blu prostor, aby se vyladilo.<\/p>\n\n\n\n<p><strong> <\/strong><\/p>\n","protected":false},"excerpt":{"rendered":"<p>PLAT\u00cd OD 1.5. 2025 PRVN\u00cd \u00daVODN\u00cd HODINA : 1 650 K\u010c Zahrnuje anamn\u00e9zu, precizn\u00ed vy\u0161et\u0159en\u00ed a diagnostiku, \u00favodn\u00ed o\u0161et\u0159en\u00ed&#8230; p\u0159elo\u017eeno do lid\u0161tiny: nejprve se p\u0159i sklenici vody, \u010daje nebo k\u00e1vy &hellip; <\/p>\n","protected":false},"author":1,"featured_media":0,"parent":0,"menu_order":0,"comment_status":"closed","ping_status":"closed","template":"","meta":[],"_links":{"self":[{"href":"https:\/\/www.fyziomarketa.cz\/index.php\/wp-json\/wp\/v2\/pages\/92"}],"collection":[{"href":"https:\/\/www.fyziomarketa.cz\/index.php\/wp-json\/wp\/v2\/pages"}],"about":[{"href":"https:\/\/www.fyziomarketa.cz\/index.php\/wp-json\/wp\/v2\/types\/page"}],"author":[{"embeddable":true,"href":"https:\/\/www.fyziomarketa.cz\/index.php\/wp-json\/wp\/v2\/users\/1"}],"replies":[{"embeddable":true,"href":"https:\/\/www.fyziomarketa.cz\/index.php\/wp-json\/wp\/v2\/comments?post=92"}],"version-history":[{"count":36,"href":"https:\/\/www.fyziomarketa.cz\/index.php\/wp-json\/wp\/v2\/pages\/92\/revisions"}],"predecessor-version":[{"id":931,"href":"https:\/\/www.fyziomarketa.cz\/index.php\/wp-json\/wp\/v2\/pages\/92\/revisions\/931"}],"wp:attachment":[{"href":"https:\/\/www.fyziomarketa.cz\/index.php\/wp-json\/wp\/v2\/media?parent=92"}],"curies":[{"name":"wp","href":"https:\/\/api.w.org\/{rel}","templated":true}]}}