{"id":94,"date":"2021-06-18T05:40:37","date_gmt":"2021-06-18T05:40:37","guid":{"rendered":"http:\/\/www.fyziomarketa.cz\/?page_id=94"},"modified":"2023-02-20T15:16:36","modified_gmt":"2023-02-20T15:16:36","slug":"english","status":"publish","type":"page","link":"https:\/\/www.fyziomarketa.cz\/index.php\/english\/","title":{"rendered":"ENGLISH PAGE"},"content":{"rendered":"\n<div class=\"wp-block-cover is-light\" style=\"min-height:100vh\"><span aria-hidden=\"true\" class=\"wp-block-cover__gradient-background has-background-dim\"><\/span><img class=\"wp-block-cover__image-background wp-image-69\" alt=\"\" src=\"http:\/\/www.fyziomarketa.cz\/wp-content\/uploads\/2021\/06\/IMG_2174-700x525.jpg\" data-object-fit=\"cover\"\/><div class=\"wp-block-cover__inner-container\">\n<p><\/p>\n\n\n\n<p><\/p>\n\n\n\n<p><\/p>\n\n\n\n<p><\/p>\n\n\n\n<p><\/p>\n\n\n\n<p class=\"has-text-align-center has-vivid-green-cyan-color has-text-color has-x-large-font-size\">Who is Marketa?<\/p>\n\n\n\n<p class=\"has-text-align-center has-vivid-green-cyan-color has-text-color has-large-font-size\">I am a physio and I am sure I made the right choice and I have the best job in the world. At least for me.<\/p>\n\n\n\n<p><\/p>\n\n\n\n<p><\/p>\n\n\n\n<div class=\"wp-container-1 wp-block-buttons\">\n<div class=\"wp-block-button is-style-outline\"><a class=\"wp-block-button__link has-black-color has-vivid-green-cyan-background-color has-text-color has-background\" href=\"https:\/\/mgr-marketa-matouskova.reservio.com\" target=\"_blank\" rel=\"noreferrer noopener\">RESERVATION<\/a><\/div>\n<\/div>\n<\/div><\/div>\n\n\n<h4>\u00a0<\/h4>\n<h4 style=\"text-align: center;\">How do I take care of my patients?\u00a0<\/h4>\n<p><img loading=\"lazy\" class=\"aligncenter wp-image-69 size-medium\" src=\"http:\/\/www.fyziomarketa.cz\/wp-content\/uploads\/2021\/06\/IMG_2174-300x225.jpg\" alt=\"Physioteraphy Brno Mark\u00e9ta Matou\u0161kov\u00e1\" width=\"300\" height=\"225\" \/><\/p>\n<p>I am doctor House and Harry Potter combined in one person. I am also searching, where the right cause of your problem is hidden. Sometimes, it makes me look like a witch.\u00a0I will do my best for your relief, but I do not live in your body. You must be patient and responsible for your own health, to make the healing process work. Honesty is the key and a foundation stone for me. My recommendations are based on the way I live my life.<\/p>\n<p>\u00a0<\/p>\n<h4 style=\"text-align: center;\">Price list<\/h4>\n<h4>First session: 1 390 k\u010d \/ Student&#8217;s price: 1 190 k\u010d<\/h4>\n<h4>Other session: 1 190 k\u010d \/ Student&#8217;s price: 990 k\u010d<\/h4>\n<h4><strong><em>\u00a0-&gt; You can pay by card<\/em><\/strong><\/h4>\n<p style=\"text-align: center;\"><a href=\"https:\/\/mgr-marketa-matouskova.reservio.com\">RESERVATION<\/a><\/p>\n<p>\u00a0<\/p>\n<p style=\"text-align: center;\"><strong>Feedback from my clients<\/strong><\/p>\n<p style=\"text-align: center;\">&#8222;Great experience with her. She takes the time to listen\/work the issue properly and proposes adequate exercises to reduce pain\/discomfort. Will keep going back as needed.&#8220;<\/p>\n<p style=\"text-align: center;\"><strong>Nicola<\/strong><\/p>\n<p>&#8222;Marky has a very professional approach to her work . I enjoyed my therapy and the follow up discussion which was very informative. It is clear that she enjoys her work and gets a lot of satisfaction out it.&#8220;<\/p>\n<h4 style=\"text-align: center;\"><strong>Rob<\/strong><\/h4>\n\n\n<div class=\"wp-block-columns\">\n<div class=\"wp-block-column is-vertically-aligned-center\" style=\"flex-basis:100%\">\n<div class=\"wp-container-2 wp-block-buttons\">\n<div class=\"wp-block-button aligncenter is-style-outline\"><a class=\"wp-block-button__link has-black-color has-vivid-green-cyan-background-color has-text-color has-background\" href=\"https:\/\/mgr-marketa-matouskova.reservio.com\" target=\"_blank\" rel=\"noreferrer noopener\">RESERVATION<\/a><\/div>\n<\/div>\n<\/div>\n<\/div>\n\n\n\n<p class=\"has-text-align-center\"><\/p>\n\n\n\n<p><\/p>\n","protected":false},"excerpt":{"rendered":"<p>\u00a0 How do I take care of my patients?\u00a0 I am doctor House and Harry Potter combined in one person. I am also searching, where the right cause of your &hellip; <\/p>\n","protected":false},"author":1,"featured_media":0,"parent":0,"menu_order":0,"comment_status":"closed","ping_status":"closed","template":"","meta":[],"_links":{"self":[{"href":"https:\/\/www.fyziomarketa.cz\/index.php\/wp-json\/wp\/v2\/pages\/94"}],"collection":[{"href":"https:\/\/www.fyziomarketa.cz\/index.php\/wp-json\/wp\/v2\/pages"}],"about":[{"href":"https:\/\/www.fyziomarketa.cz\/index.php\/wp-json\/wp\/v2\/types\/page"}],"author":[{"embeddable":true,"href":"https:\/\/www.fyziomarketa.cz\/index.php\/wp-json\/wp\/v2\/users\/1"}],"replies":[{"embeddable":true,"href":"https:\/\/www.fyziomarketa.cz\/index.php\/wp-json\/wp\/v2\/comments?post=94"}],"version-history":[{"count":35,"href":"https:\/\/www.fyziomarketa.cz\/index.php\/wp-json\/wp\/v2\/pages\/94\/revisions"}],"predecessor-version":[{"id":846,"href":"https:\/\/www.fyziomarketa.cz\/index.php\/wp-json\/wp\/v2\/pages\/94\/revisions\/846"}],"wp:attachment":[{"href":"https:\/\/www.fyziomarketa.cz\/index.php\/wp-json\/wp\/v2\/media?parent=94"}],"curies":[{"name":"wp","href":"https:\/\/api.w.org\/{rel}","templated":true}]}}